{"id":1478,"date":"2023-10-31T13:13:22","date_gmt":"2023-10-31T12:13:22","guid":{"rendered":"http:\/\/altodental.com\/privacybeleid\/"},"modified":"2024-10-18T10:26:47","modified_gmt":"2024-10-18T09:26:47","slug":"datenschutzbestimmungen","status":"publish","type":"page","link":"https:\/\/altodental.com\/de\/datenschutzbestimmungen\/","title":{"rendered":"Datenschutzbestimmungen"},"content":{"rendered":"\t\t<div data-elementor-type=\"wp-page\" data-elementor-id=\"1478\" class=\"elementor elementor-1478 elementor-764\" data-elementor-settings=\"{&quot;element_pack_global_tooltip_width&quot;:{&quot;unit&quot;:&quot;px&quot;,&quot;size&quot;:&quot;&quot;,&quot;sizes&quot;:[]},&quot;element_pack_global_tooltip_width_tablet&quot;:{&quot;unit&quot;:&quot;px&quot;,&quot;size&quot;:&quot;&quot;,&quot;sizes&quot;:[]},&quot;element_pack_global_tooltip_width_mobile&quot;:{&quot;unit&quot;:&quot;px&quot;,&quot;size&quot;:&quot;&quot;,&quot;sizes&quot;:[]},&quot;element_pack_global_tooltip_padding&quot;:{&quot;unit&quot;:&quot;px&quot;,&quot;top&quot;:&quot;&quot;,&quot;right&quot;:&quot;&quot;,&quot;bottom&quot;:&quot;&quot;,&quot;left&quot;:&quot;&quot;,&quot;isLinked&quot;:true},&quot;element_pack_global_tooltip_padding_tablet&quot;:{&quot;unit&quot;:&quot;px&quot;,&quot;top&quot;:&quot;&quot;,&quot;right&quot;:&quot;&quot;,&quot;bottom&quot;:&quot;&quot;,&quot;left&quot;:&quot;&quot;,&quot;isLinked&quot;:true},&quot;element_pack_global_tooltip_padding_mobile&quot;:{&quot;unit&quot;:&quot;px&quot;,&quot;top&quot;:&quot;&quot;,&quot;right&quot;:&quot;&quot;,&quot;bottom&quot;:&quot;&quot;,&quot;left&quot;:&quot;&quot;,&quot;isLinked&quot;:true},&quot;element_pack_global_tooltip_border_radius&quot;:{&quot;unit&quot;:&quot;px&quot;,&quot;top&quot;:&quot;&quot;,&quot;right&quot;:&quot;&quot;,&quot;bottom&quot;:&quot;&quot;,&quot;left&quot;:&quot;&quot;,&quot;isLinked&quot;:true},&quot;element_pack_global_tooltip_border_radius_tablet&quot;:{&quot;unit&quot;:&quot;px&quot;,&quot;top&quot;:&quot;&quot;,&quot;right&quot;:&quot;&quot;,&quot;bottom&quot;:&quot;&quot;,&quot;left&quot;:&quot;&quot;,&quot;isLinked&quot;:true},&quot;element_pack_global_tooltip_border_radius_mobile&quot;:{&quot;unit&quot;:&quot;px&quot;,&quot;top&quot;:&quot;&quot;,&quot;right&quot;:&quot;&quot;,&quot;bottom&quot;:&quot;&quot;,&quot;left&quot;:&quot;&quot;,&quot;isLinked&quot;:true}}\" data-elementor-post-type=\"page\">\n\t\t\t\t<div class=\"elementor-element elementor-element-acf7321 e-flex e-con-boxed e-con e-parent\" data-id=\"acf7321\" data-element_type=\"container\" data-e-type=\"container\">\n\t\t\t\t\t<div class=\"e-con-inner\">\n\t\t\t\t<div class=\"elementor-element elementor-element-5669e38 elementor-widget elementor-widget-heading\" data-id=\"5669e38\" data-element_type=\"widget\" data-e-type=\"widget\" data-widget_type=\"heading.default\">\n\t\t\t\t<div class=\"elementor-widget-container\">\n\t\t\t\t\t<h1 class=\"elementor-heading-title elementor-size-default\">Datenschutzbestimmungen<\/h1>\t\t\t\t<\/div>\n\t\t\t\t<\/div>\n\t\t\t\t<div class=\"elementor-element elementor-element-dc2a4f8 elementor-widget elementor-widget-text-editor\" data-id=\"dc2a4f8\" data-element_type=\"widget\" data-e-type=\"widget\" data-widget_type=\"text-editor.default\">\n\t\t\t\t<div class=\"elementor-widget-container\">\n\t\t\t\t\t\t\t\t\t<p>Alto Dental ist der Eigent\u00fcmer von <a href=\"https:\/\/altodental.com\" target=\"_new\" rel=\"noopener\">www.altodental.com<\/a>, dessen Praxisstandort sich in der Dorpstraat 22, 2590 Kapellen befindet. Alto Dental ist nicht verantwortlich f\u00fcr die Verarbeitung personenbezogener Daten, da es lediglich der Eigent\u00fcmer ist. Daten von der Website werden von MKA Dr. Winderickx \u2013 Dr. Vanhove BVBA gespeichert und verarbeitet.<\/p>\t\t\t\t\t\t\t\t<\/div>\n\t\t\t\t<\/div>\n\t\t\t\t<div class=\"elementor-element elementor-element-dbda2ec elementor-widget elementor-widget-heading\" data-id=\"dbda2ec\" data-element_type=\"widget\" data-e-type=\"widget\" data-widget_type=\"heading.default\">\n\t\t\t\t<div class=\"elementor-widget-container\">\n\t\t\t\t\t<h3 class=\"elementor-heading-title elementor-size-default\">Allgemein<\/h3>\t\t\t\t<\/div>\n\t\t\t\t<\/div>\n\t\t\t\t<div class=\"elementor-element elementor-element-f9981d7 elementor-widget elementor-widget-text-editor\" data-id=\"f9981d7\" data-element_type=\"widget\" data-e-type=\"widget\" data-widget_type=\"text-editor.default\">\n\t\t\t\t<div class=\"elementor-widget-container\">\n\t\t\t\t\t\t\t\t\t<p>Diese Datenschutzerkl\u00e4rung gilt f\u00fcr alle personenbezogenen Daten, einschlie\u00dflich medizinischer Daten, die Sie uns m\u00fcndlich, schriftlich oder digital zur Verf\u00fcgung stellen, beispielsweise \u00fcber ein Anmeldeformular, ein Kontaktformular auf unserer Website oder durch pers\u00f6nlichen Kontakt mit unseren Mitarbeitern.<\/p><p><strong>\u00dcbersicht der personenbezogenen Daten<\/strong><\/p><p>Nachfolgend finden Sie eine \u00dcbersicht der personenbezogenen Daten, die wir von Ihnen verarbeiten:<\/p><ul><li>Vorname und Nachname<\/li><li>Geburtsdatum<\/li><li>Adressdaten<\/li><li>Telefonnummer<\/li><li>E-Mail-Adresse<\/li><li>Verschiedene Angaben zu Ihrer Gesundheit<\/li><\/ul>\t\t\t\t\t\t\t\t<\/div>\n\t\t\t\t<\/div>\n\t\t\t\t<div class=\"elementor-element elementor-element-380b1c1 elementor-widget elementor-widget-heading\" data-id=\"380b1c1\" data-element_type=\"widget\" data-e-type=\"widget\" data-widget_type=\"heading.default\">\n\t\t\t\t<div class=\"elementor-widget-container\">\n\t\t\t\t\t<h3 class=\"elementor-heading-title elementor-size-default\">Zweck und Grundlagen der Verarbeitung<\/h3>\t\t\t\t<\/div>\n\t\t\t\t<\/div>\n\t\t\t\t<div class=\"elementor-element elementor-element-e255648 elementor-widget elementor-widget-text-editor\" data-id=\"e255648\" data-element_type=\"widget\" data-e-type=\"widget\" data-widget_type=\"text-editor.default\">\n\t\t\t\t<div class=\"elementor-widget-container\">\n\t\t\t\t\t\t\t\t\t<p>Ihre personenbezogenen Daten werden von uns erhoben und gespeichert, um Sie angemessen zu behandeln und Ihnen qualitativ hochwertige Pflege und Unterst\u00fctzung zu bieten. Au\u00dferdem ben\u00f6tigen wir Ihre Daten, um die Qualit\u00e4t der Pflege (Effizienz und Legitimit\u00e4t) und die finanzielle Abwicklung der Pflege\/Behandlung zu gew\u00e4hrleisten. Die Verarbeitung Ihrer personenbezogenen Daten kann au\u00dferdem auf einer gesetzlichen Verpflichtung beruhen, beispielsweise der Meldepflicht einer ansteckenden Krankheit gem\u00e4\u00df dem Gesundheitsgesetz.<\/p>\t\t\t\t\t\t\t\t<\/div>\n\t\t\t\t<\/div>\n\t\t\t\t<div class=\"elementor-element elementor-element-95b61cf elementor-widget elementor-widget-heading\" data-id=\"95b61cf\" data-element_type=\"widget\" data-e-type=\"widget\" data-widget_type=\"heading.default\">\n\t\t\t\t<div class=\"elementor-widget-container\">\n\t\t\t\t\t<h3 class=\"elementor-heading-title elementor-size-default\">Aufbewahrungsfrist<\/h3>\t\t\t\t<\/div>\n\t\t\t\t<\/div>\n\t\t\t\t<div class=\"elementor-element elementor-element-a524ee6 elementor-widget elementor-widget-text-editor\" data-id=\"a524ee6\" data-element_type=\"widget\" data-e-type=\"widget\" data-widget_type=\"text-editor.default\">\n\t\t\t\t<div class=\"elementor-widget-container\">\n\t\t\t\t\t\t\t\t\t<p>Ihre personenbezogenen Daten werden nicht l\u00e4nger als n\u00f6tig aufbewahrt, um die oben genannten Ziele zu erreichen. Wenn wir im Zusammenhang mit der erbrachten Pflege oder Behandlung eine medizinische Akte \u00fcber Sie im Sinne des WGBO eingerichtet haben, sind wir verpflichtet, diese medizinische Akte 15 Jahre lang aufzubewahren, es sei denn, eine l\u00e4ngere Aufbewahrung ist beispielsweise f\u00fcr Ihre Gesundheit oder die Gesundheit Ihrer Kinder erforderlich.<\/p>\t\t\t\t\t\t\t\t<\/div>\n\t\t\t\t<\/div>\n\t\t\t\t<div class=\"elementor-element elementor-element-8a7a941 elementor-widget elementor-widget-heading\" data-id=\"8a7a941\" data-element_type=\"widget\" data-e-type=\"widget\" data-widget_type=\"heading.default\">\n\t\t\t\t<div class=\"elementor-widget-container\">\n\t\t\t\t\t<h3 class=\"elementor-heading-title elementor-size-default\">Zugang der Mitarbeiter zu Ihrer Akte<\/h3>\t\t\t\t<\/div>\n\t\t\t\t<\/div>\n\t\t\t\t<div class=\"elementor-element elementor-element-8931088 elementor-widget elementor-widget-text-editor\" data-id=\"8931088\" data-element_type=\"widget\" data-e-type=\"widget\" data-widget_type=\"text-editor.default\">\n\t\t\t\t<div class=\"elementor-widget-container\">\n\t\t\t\t\t\t\t\t\t<p>Ihre personenbezogenen Daten sind von uns gegen unbefugten Zugriff gesichert. Grunds\u00e4tzlich erhalten Mitarbeiter, die keine Behandlungsbeziehung mit Ihnen haben und nicht direkt an der erbrachten Pflege beteiligt sind, keinen Zugang zur medizinischen Akte. Alle Mitarbeiter von Dr. Patrick Winderickx BVBA und MKA Dr. Winderickx \u2013 Dr. Vanhove BVBA sind verpflichtet, Ihre Daten vertraulich zu behandeln. Diese Mitarbeiter unterliegen der (abgeleiteten) \u00e4rztlichen Schweigepflicht oder sind durch eine vertragliche Geheimhaltungsvereinbarung mit uns gebunden.<\/p>\t\t\t\t\t\t\t\t<\/div>\n\t\t\t\t<\/div>\n\t\t\t\t<div class=\"elementor-element elementor-element-692af07 elementor-widget elementor-widget-heading\" data-id=\"692af07\" data-element_type=\"widget\" data-e-type=\"widget\" data-widget_type=\"heading.default\">\n\t\t\t\t<div class=\"elementor-widget-container\">\n\t\t\t\t\t<h3 class=\"elementor-heading-title elementor-size-default\">Weitergabe personenbezogener Daten an Dritte<\/h3>\t\t\t\t<\/div>\n\t\t\t\t<\/div>\n\t\t\t\t<div class=\"elementor-element elementor-element-be276c9 elementor-widget elementor-widget-text-editor\" data-id=\"be276c9\" data-element_type=\"widget\" data-e-type=\"widget\" data-widget_type=\"text-editor.default\">\n\t\t\t\t<div class=\"elementor-widget-container\">\n\t\t\t\t\t\t\t\t\t<p>Im Hinblick auf die \u00e4rztliche Schweigepflicht und die Datenschutzbestimmungen der DSGVO d\u00fcrfen wir Ihre personenbezogenen Daten grunds\u00e4tzlich nur dann an Dritte weitergeben, wenn wir Ihre ausdr\u00fcckliche Einwilligung erhalten haben. Bevor wir Ihre Einwilligung einholen, werden wir Sie \u00fcber den Zweck, den Inhalt und die m\u00f6glichen Folgen der Datenweitergabe an Dritte informieren. In einigen F\u00e4llen besteht jedoch ein gesetzliches Recht oder sogar eine gesetzliche Pflicht, Ihre Daten ohne Ihre vorherige Zustimmung an Dritte weiterzugeben. Nachfolgend finden Sie eine nicht abschlie\u00dfende Liste dieser Dritten:<\/p><ul><li>Andere Leistungserbringer, die direkt an Ihrer Behandlung beteiligt sind<\/li><li>Der gesetzliche Vertreter, wie ein Betreuer oder die Eltern von Kindern bis 16 Jahre<\/li><li>Der CAK oder CIZ, soweit dies f\u00fcr die Umsetzung des Gesetzes \u00fcber die Langzeitpflege erforderlich ist<\/li><li>Die Krankenkasse, soweit dies f\u00fcr die Umsetzung der Krankenversicherung (Anspruchsbeurteilung und Sachkontrolle) erforderlich ist<\/li><\/ul><p>F\u00fcr die Weitergabe von Informationen an die oben genannten Dritten ist Ihre Einwilligung nicht erforderlich. Sie k\u00f6nnen der Weitergabe ohne Ihre Zustimmung widersprechen, allerdings k\u00f6nnen wir Ihnen dann m\u00f6glicherweise keine ordnungsgem\u00e4\u00dfe medizinische Behandlung bieten.<\/p>\t\t\t\t\t\t\t\t<\/div>\n\t\t\t\t<\/div>\n\t\t\t\t<div class=\"elementor-element elementor-element-9ee3a4c elementor-widget elementor-widget-heading\" data-id=\"9ee3a4c\" data-element_type=\"widget\" data-e-type=\"widget\" data-widget_type=\"heading.default\">\n\t\t\t\t<div class=\"elementor-widget-container\">\n\t\t\t\t\t<h3 class=\"elementor-heading-title elementor-size-default\">Ihr Recht auf Einsichtnahme in die medizinischen Unterlagen<\/h3>\t\t\t\t<\/div>\n\t\t\t\t<\/div>\n\t\t\t\t<div class=\"elementor-element elementor-element-97f8cdd elementor-widget elementor-widget-text-editor\" data-id=\"97f8cdd\" data-element_type=\"widget\" data-e-type=\"widget\" data-widget_type=\"text-editor.default\">\n\t\t\t\t<div class=\"elementor-widget-container\">\n\t\t\t\t\t\t\t\t\t<p>Sie haben das Recht, die personenbezogenen Daten, die wir \u00fcber Sie verarbeiten, einzusehen. Soweit diese Daten in einer medizinischen Akte enthalten sind, haben Sie das Recht, Ihre eigene medizinische Akte einzusehen und eine Kopie davon zu erhalten. F\u00fcr diese Einsichtnahme oder das Erstellen einer Kopie erheben wir niemals eine Geb\u00fchr. Das Einsichtsrecht gilt f\u00fcr Erwachsene und f\u00fcr Kinder ab 12 Jahren.<\/p><p>Bei Kindern unter 12 Jahren liegt dieses Recht bei den Eltern oder gesetzlichen Vertretern. Bei rechtlich handlungsunf\u00e4higen Personen kann der Vertreter Einsicht in die Akte nehmen. Kinder zwischen 12 und 16 Jahren k\u00f6nnen Einspruch erheben, wenn ihre Eltern oder gesetzlichen Vertreter die Akte einsehen m\u00f6chten. In diesem Fall pr\u00fcft der Gesundheitsdienstleister, ob das Kind in der Lage ist, eine Entscheidung zu treffen.<\/p><p>Wir sind nicht verpflichtet, Ihnen die gesamte medizinische Akte zu zeigen. Ihnen werden nur die Daten angezeigt, die Sie pers\u00f6nlich betreffen, wie Ergebnisse, Operationsberichte und R\u00f6ntgenbilder. Sie haben kein Recht auf Einsichtnahme in pers\u00f6nliche Notizen von Leistungserbringern, Praktikern oder Mitarbeitern. Dar\u00fcber hinaus k\u00f6nnen wir die Einsichtnahme verweigern, wenn dies die Privatsph\u00e4re einer anderen Person verletzen w\u00fcrde.<\/p>\t\t\t\t\t\t\t\t<\/div>\n\t\t\t\t<\/div>\n\t\t\t\t<div class=\"elementor-element elementor-element-bb57b6e elementor-widget elementor-widget-heading\" data-id=\"bb57b6e\" data-element_type=\"widget\" data-e-type=\"widget\" data-widget_type=\"heading.default\">\n\t\t\t\t<div class=\"elementor-widget-container\">\n\t\t\t\t\t<h3 class=\"elementor-heading-title elementor-size-default\">\u00dcbertragung Ihrer Akte<\/h3>\t\t\t\t<\/div>\n\t\t\t\t<\/div>\n\t\t\t\t<div class=\"elementor-element elementor-element-fefcb32 elementor-widget elementor-widget-text-editor\" data-id=\"fefcb32\" data-element_type=\"widget\" data-e-type=\"widget\" data-widget_type=\"text-editor.default\">\n\t\t\t\t<div class=\"elementor-widget-container\">\n\t\t\t\t\t\t\t\t\t<p>Wenn Sie zu einem anderen Gesundheitsdienstleister wechseln, ist es wichtig, dass der neue Gesundheitsdienstleister oder Praktiker \u00fcber Ihre medizinische Vorgeschichte informiert ist. Grunds\u00e4tzlich kooperieren wir auf Ihr Ersuchen hin immer mit der \u00dcbertragung Ihrer medizinischen Akte an Ihren neuen Gesundheitsdienstleister oder Praktiker. Nach der DSGVO k\u00f6nnen Sie uns bitten, digitale personenbezogene Daten an Sie oder einen anderen Gesundheitsdienstleister in einer lesbaren Computerdatei zu \u00fcbermitteln (\u201eDaten\u00fcbertragbarkeit\u201c).<\/p><p>Das Recht auf Daten\u00fcbertragbarkeit gilt nur f\u00fcr digitale personenbezogene Daten, die Sie aktiv und bewusst selbst bereitgestellt haben. Dazu geh\u00f6ren Daten, die Sie indirekt durch die Nutzung eines Dienstes oder Ger\u00e4ts bereitgestellt haben, wie z. B. durch Blutentnahmen, einen Herzschrittmacher oder ein Blutdruckmessger\u00e4t.<\/p>\t\t\t\t\t\t\t\t<\/div>\n\t\t\t\t<\/div>\n\t\t\t\t<div class=\"elementor-element elementor-element-110bff1 elementor-widget elementor-widget-heading\" data-id=\"110bff1\" data-element_type=\"widget\" data-e-type=\"widget\" data-widget_type=\"heading.default\">\n\t\t\t\t<div class=\"elementor-widget-container\">\n\t\t\t\t\t<h3 class=\"elementor-heading-title elementor-size-default\">Das Recht auf \u00c4nderung oder L\u00f6schung Ihrer medizinischen Daten<\/h3>\t\t\t\t<\/div>\n\t\t\t\t<\/div>\n\t\t\t\t<div class=\"elementor-element elementor-element-c6c09e3 elementor-widget elementor-widget-text-editor\" data-id=\"c6c09e3\" data-element_type=\"widget\" data-e-type=\"widget\" data-widget_type=\"text-editor.default\">\n\t\t\t\t<div class=\"elementor-widget-container\">\n\t\t\t\t\t\t\t\t\t<p>Gem\u00e4\u00df der DSGVO haben Sie das Recht, die von uns \u00fcber Sie gespeicherten personenbezogenen Daten zu erg\u00e4nzen, zu berichtigen oder zu l\u00f6schen (\u201eRecht auf Vergessenwerden\u201c).<\/p><p>Soweit Ihr L\u00f6schungsantrag das medizinische Dossier im Sinne des WGBO betrifft, sind wir nicht verpflichtet, Ihrem L\u00f6schungsantrag nachzukommen, wenn es hinreichend plausibel ist, dass eine weitere Speicherung f\u00fcr eine andere Person von erheblichem Interesse sein k\u00f6nnte. Sie sollten beispielsweise an unsere Interessen im Zusammenhang mit der Rechenschaftspflicht \u00fcber die von uns erbrachte Pflege oder an die Interessen Ihrer Nachkommen im Falle einer Erbkrankheit denken.<\/p><p>Wenn Sie den Eindruck haben, dass Ihre Daten nicht ordnungsgem\u00e4\u00df gesichert sind oder es Anzeichen f\u00fcr Missbrauch gibt, wenden Sie sich bitte an uns unter <strong><a rel=\"noopener\">onthaal@altodental.com<\/a><\/strong>. S<\/p><p>ie k\u00f6nnen auch einen Antrag auf Berichtigung, L\u00f6schung, Vernichtung oder \u00dcbertragung Ihrer Akte oder einen Widerspruch gegen die Verarbeitung Ihrer personenbezogenen Daten an diese E-Mail-Adresse senden. Selbstverst\u00e4ndlich k\u00f6nnen Sie uns auch telefonisch kontaktieren und Ihren Antrag m\u00fcndlich stellen.<\/p><p>Abschlie\u00dfend m\u00f6chten wir Sie dar\u00fcber informieren, dass Sie die M\u00f6glichkeit haben, bei der <strong>Kommission f\u00fcr den Schutz der Privatsph\u00e4re (CBPL)<\/strong> eine Beschwerde \u00fcber die Verarbeitung Ihrer personenbezogenen Daten durch uns einzureichen.<\/p>\t\t\t\t\t\t\t\t<\/div>\n\t\t\t\t<\/div>\n\t\t\t\t\t<\/div>\n\t\t\t\t<\/div>\n\t\t\t\t<\/div>\n\t\t","protected":false},"excerpt":{"rendered":"<p>Alto Dental ist der Eigent\u00fcmer von www.altodental.com, dessen Praxisstandort sich in der Dorpstraat 22, 2590 Kapellen befindet. Alto Dental ist nicht verantwortlich f\u00fcr die Verarbeitung personenbezogener Daten, da es lediglich der Eigent\u00fcmer ist. Daten von der Website werden von MKA Dr. Winderickx \u2013 Dr. Vanhove BVBA gespeichert und verarbeitet. Allgemein Diese Datenschutzerkl\u00e4rung gilt f\u00fcr alle [&hellip;]<\/p>\n","protected":false},"author":1,"featured_media":0,"parent":0,"menu_order":0,"comment_status":"closed","ping_status":"closed","template":"","meta":{"footnotes":""},"class_list":["post-1478","page","type-page","status-publish","hentry"],"_links":{"self":[{"href":"https:\/\/altodental.com\/de\/wp-json\/wp\/v2\/pages\/1478","targetHints":{"allow":["GET"]}}],"collection":[{"href":"https:\/\/altodental.com\/de\/wp-json\/wp\/v2\/pages"}],"about":[{"href":"https:\/\/altodental.com\/de\/wp-json\/wp\/v2\/types\/page"}],"author":[{"embeddable":true,"href":"https:\/\/altodental.com\/de\/wp-json\/wp\/v2\/users\/1"}],"replies":[{"embeddable":true,"href":"https:\/\/altodental.com\/de\/wp-json\/wp\/v2\/comments?post=1478"}],"version-history":[{"count":4,"href":"https:\/\/altodental.com\/de\/wp-json\/wp\/v2\/pages\/1478\/revisions"}],"predecessor-version":[{"id":1522,"href":"https:\/\/altodental.com\/de\/wp-json\/wp\/v2\/pages\/1478\/revisions\/1522"}],"wp:attachment":[{"href":"https:\/\/altodental.com\/de\/wp-json\/wp\/v2\/media?parent=1478"}],"curies":[{"name":"wp","href":"https:\/\/api.w.org\/{rel}","templated":true}]}}