{"id":1423,"date":"2023-10-23T13:25:04","date_gmt":"2023-10-23T12:25:04","guid":{"rendered":"http:\/\/altodental.com\/werkwijze\/"},"modified":"2024-10-18T10:36:45","modified_gmt":"2024-10-18T09:36:45","slug":"methode","status":"publish","type":"page","link":"https:\/\/altodental.com\/de\/methode\/","title":{"rendered":"Methode"},"content":{"rendered":"\t\t<div data-elementor-type=\"wp-page\" data-elementor-id=\"1423\" class=\"elementor elementor-1423 elementor-301\" data-elementor-settings=\"{&quot;element_pack_global_tooltip_width&quot;:{&quot;unit&quot;:&quot;px&quot;,&quot;size&quot;:&quot;&quot;,&quot;sizes&quot;:[]},&quot;element_pack_global_tooltip_width_tablet&quot;:{&quot;unit&quot;:&quot;px&quot;,&quot;size&quot;:&quot;&quot;,&quot;sizes&quot;:[]},&quot;element_pack_global_tooltip_width_mobile&quot;:{&quot;unit&quot;:&quot;px&quot;,&quot;size&quot;:&quot;&quot;,&quot;sizes&quot;:[]},&quot;element_pack_global_tooltip_padding&quot;:{&quot;unit&quot;:&quot;px&quot;,&quot;top&quot;:&quot;&quot;,&quot;right&quot;:&quot;&quot;,&quot;bottom&quot;:&quot;&quot;,&quot;left&quot;:&quot;&quot;,&quot;isLinked&quot;:true},&quot;element_pack_global_tooltip_padding_tablet&quot;:{&quot;unit&quot;:&quot;px&quot;,&quot;top&quot;:&quot;&quot;,&quot;right&quot;:&quot;&quot;,&quot;bottom&quot;:&quot;&quot;,&quot;left&quot;:&quot;&quot;,&quot;isLinked&quot;:true},&quot;element_pack_global_tooltip_padding_mobile&quot;:{&quot;unit&quot;:&quot;px&quot;,&quot;top&quot;:&quot;&quot;,&quot;right&quot;:&quot;&quot;,&quot;bottom&quot;:&quot;&quot;,&quot;left&quot;:&quot;&quot;,&quot;isLinked&quot;:true},&quot;element_pack_global_tooltip_border_radius&quot;:{&quot;unit&quot;:&quot;px&quot;,&quot;top&quot;:&quot;&quot;,&quot;right&quot;:&quot;&quot;,&quot;bottom&quot;:&quot;&quot;,&quot;left&quot;:&quot;&quot;,&quot;isLinked&quot;:true},&quot;element_pack_global_tooltip_border_radius_tablet&quot;:{&quot;unit&quot;:&quot;px&quot;,&quot;top&quot;:&quot;&quot;,&quot;right&quot;:&quot;&quot;,&quot;bottom&quot;:&quot;&quot;,&quot;left&quot;:&quot;&quot;,&quot;isLinked&quot;:true},&quot;element_pack_global_tooltip_border_radius_mobile&quot;:{&quot;unit&quot;:&quot;px&quot;,&quot;top&quot;:&quot;&quot;,&quot;right&quot;:&quot;&quot;,&quot;bottom&quot;:&quot;&quot;,&quot;left&quot;:&quot;&quot;,&quot;isLinked&quot;:true}}\" data-elementor-post-type=\"page\">\n\t\t\t\t\t\t<div data-dce-background-overlay-color=\"#FFFFFF00\" class=\"elementor-section elementor-top-section elementor-element elementor-element-b2243d9 elementor-section-boxed elementor-section-height-default elementor-section-height-default\" data-id=\"b2243d9\" data-element_type=\"section\" data-e-type=\"section\" data-settings=\"{&quot;background_background&quot;:&quot;classic&quot;}\">\n\t\t\t\t\t\t\t<div class=\"elementor-background-overlay\"><\/div>\n\t\t\t\t\t\t\t<div class=\"elementor-container elementor-column-gap-default\">\n\t\t\t\t\t<div class=\"elementor-column elementor-col-50 elementor-top-column elementor-element elementor-element-3fad2b2 animated-slow elementor-invisible\" data-id=\"3fad2b2\" data-element_type=\"column\" data-e-type=\"column\" data-settings=\"{&quot;animation&quot;:&quot;fadeIn&quot;}\">\n\t\t\t<div class=\"elementor-widget-wrap elementor-element-populated\">\n\t\t\t\t\t\t<div class=\"elementor-element elementor-element-cbebbd1 elementor-widget elementor-widget-heading\" data-id=\"cbebbd1\" data-element_type=\"widget\" data-e-type=\"widget\" data-widget_type=\"heading.default\">\n\t\t\t\t<div class=\"elementor-widget-container\">\n\t\t\t\t\t<h1 class=\"elementor-heading-title elementor-size-default\">Unsere Methode\n<\/h1>\t\t\t\t<\/div>\n\t\t\t\t<\/div>\n\t\t\t\t<div class=\"elementor-element elementor-element-319684e elementor-widget__width-initial elementor-widget-tablet__width-inherit elementor-widget elementor-widget-text-editor\" data-id=\"319684e\" data-element_type=\"widget\" data-e-type=\"widget\" data-widget_type=\"text-editor.default\">\n\t\t\t\t<div class=\"elementor-widget-container\">\n\t\t\t\t\t\t\t\t\t<div class=\"column-17 w-col w-col-5 w-col-stack\"><p><span style=\"font-weight: 400;\">Dank der vollst\u00e4ndig digitalen Planung und Produktion von festen Z\u00e4hnen erhalten Sie Ihre vorl\u00e4ufige feste Br\u00fccke sofort am Tag der Operation.<\/span><\/p><\/div>\t\t\t\t\t\t\t\t<\/div>\n\t\t\t\t<\/div>\n\t\t\t\t<div class=\"elementor-element elementor-element-e8c4d16 elementor-icon-list--layout-traditional elementor-list-item-link-full_width elementor-widget elementor-widget-icon-list\" data-id=\"e8c4d16\" data-element_type=\"widget\" data-e-type=\"widget\" data-widget_type=\"icon-list.default\">\n\t\t\t\t<div class=\"elementor-widget-container\">\n\t\t\t\t\t\t\t<ul class=\"elementor-icon-list-items\">\n\t\t\t\t\t\t\t<li class=\"elementor-icon-list-item\">\n\t\t\t\t\t\t\t\t\t\t\t<span class=\"elementor-icon-list-icon\">\n\t\t\t\t\t\t\t<i aria-hidden=\"true\" class=\"fas fa-check-circle\"><\/i>\t\t\t\t\t\t<\/span>\n\t\t\t\t\t\t\t\t\t\t<span class=\"elementor-icon-list-text\">Eingriff und fester Zahnersatz an einem Tag<\/span>\n\t\t\t\t\t\t\t\t\t<\/li>\n\t\t\t\t\t\t\t\t<li class=\"elementor-icon-list-item\">\n\t\t\t\t\t\t\t\t\t\t\t<span class=\"elementor-icon-list-icon\">\n\t\t\t\t\t\t\t<i aria-hidden=\"true\" class=\"fas fa-check-circle\"><\/i>\t\t\t\t\t\t<\/span>\n\t\t\t\t\t\t\t\t\t\t<span class=\"elementor-icon-list-text\">Minimale Schmerzen und Beschwerden<\/span>\n\t\t\t\t\t\t\t\t\t<\/li>\n\t\t\t\t\t\t\t\t<li class=\"elementor-icon-list-item\">\n\t\t\t\t\t\t\t\t\t\t\t<span class=\"elementor-icon-list-icon\">\n\t\t\t\t\t\t\t<i aria-hidden=\"true\" class=\"fas fa-check-circle\"><\/i>\t\t\t\t\t\t<\/span>\n\t\t\t\t\t\t\t\t\t\t<span class=\"elementor-icon-list-text\">Ein Team, ein Ansprechpartner<\/span>\n\t\t\t\t\t\t\t\t\t<\/li>\n\t\t\t\t\t\t\t\t<li class=\"elementor-icon-list-item\">\n\t\t\t\t\t\t\t\t\t\t\t<span class=\"elementor-icon-list-icon\">\n\t\t\t\t\t\t\t<i aria-hidden=\"true\" class=\"fas fa-check-circle\"><\/i>\t\t\t\t\t\t<\/span>\n\t\t\t\t\t\t\t\t\t\t<span class=\"elementor-icon-list-text\">Transparente Preise und Behandlungsablauf<\/span>\n\t\t\t\t\t\t\t\t\t<\/li>\n\t\t\t\t\t\t\t\t<li class=\"elementor-icon-list-item\">\n\t\t\t\t\t\t\t\t\t\t\t<span class=\"elementor-icon-list-icon\">\n\t\t\t\t\t\t\t<i aria-hidden=\"true\" class=\"fas fa-check-circle\"><\/i>\t\t\t\t\t\t<\/span>\n\t\t\t\t\t\t\t\t\t\t<span class=\"elementor-icon-list-text\">Nachsorge f\u00fcr optimale Langlebigkeit Ihres Zahnersatzes<\/span>\n\t\t\t\t\t\t\t\t\t<\/li>\n\t\t\t\t\t\t<\/ul>\n\t\t\t\t\t\t<\/div>\n\t\t\t\t<\/div>\n\t\t\t\t\t<\/div>\n\t\t<\/div>\n\t\t\t\t<div class=\"elementor-column elementor-col-50 elementor-top-column elementor-element elementor-element-c68d405\" data-id=\"c68d405\" data-element_type=\"column\" data-e-type=\"column\">\n\t\t\t<div class=\"elementor-widget-wrap elementor-element-populated\">\n\t\t\t\t\t\t<div class=\"elementor-element elementor-element-f59650a dce_masking-none elementor-widget elementor-widget-video\" data-id=\"f59650a\" data-element_type=\"widget\" data-e-type=\"widget\" data-widget_type=\"video.default\">\n\t\t\t\t<div class=\"elementor-widget-container\">\n\t\t\t\t\t\t\t<div class=\"elementor-wrapper elementor-open-inline\">\n\t\t\t<div class=\"elementor-video\" style=\"height: 100%\"><iframe title=\"Alto Dental - een vast gebit op implants op 1 dag\" width=\"1000\" height=\"563\" src=\"https:\/\/www.youtube.com\/embed\/NCh7Ik7ajQ8?feature=oembed&rel=0&enablejsapi=1&origin=https:\/\/altodental.com&controls=1&\" frameborder=\"0\" allow=\"accelerometer; autoplay; clipboard-write; encrypted-media; gyroscope; picture-in-picture; web-share\" referrerpolicy=\"strict-origin-when-cross-origin\" allowfullscreen><\/iframe><\/div>\t\t<\/div>\n\t\t\t\t\t\t<\/div>\n\t\t\t\t<\/div>\n\t\t\t\t\t<\/div>\n\t\t<\/div>\n\t\t\t\t\t<\/div>\n\t\t<\/div>\n\t\t<div class=\"elementor-element elementor-element-2e49f3f e-flex e-con-boxed e-con e-parent\" data-id=\"2e49f3f\" data-element_type=\"container\" data-e-type=\"container\" data-settings=\"{&quot;background_background&quot;:&quot;classic&quot;}\">\n\t\t\t\t\t<div class=\"e-con-inner\">\n\t\t\t\t<div class=\"elementor-element elementor-element-d8ee397 elementor-widget elementor-widget-heading\" data-id=\"d8ee397\" data-element_type=\"widget\" data-e-type=\"widget\" data-widget_type=\"heading.default\">\n\t\t\t\t<div class=\"elementor-widget-container\">\n\t\t\t\t\t<h2 class=\"elementor-heading-title elementor-size-default\">So arbeiten wir<\/h2>\t\t\t\t<\/div>\n\t\t\t\t<\/div>\n\t\t\t\t<div class=\"elementor-element elementor-element-5df7f9e elementor-widget elementor-widget-bdt-timeline\" data-id=\"5df7f9e\" data-element_type=\"widget\" data-e-type=\"widget\" data-widget_type=\"bdt-timeline.default\">\n\t\t\t\t<div class=\"elementor-widget-container\">\n\t\t\t\t\t\t\t<div id=\"bdt-timeline-5df7f9e\" class=\"bdt-timeline bdt-timeline-skin-default bdt-timeline-center\">\n\t\t\t<div class=\"bdt-grid bdt-grid-collapse\" bdt-grid>\n\t\t\t\t\n\n\t\t\t\t\t<div\n\t\t\t\t\t\tclass=\" bdt-width-1-2@m bdt-timeline-item left-part\">\n\n\t\t\t\t\t\t<div class=\"bdt-timeline-item-main-wrapper\">\n\t\t\t\t\t\t\t\t\t\t\t\t\t\t<div class=\"bdt-timeline-line\">\n\t\t\t\t\t\t\t\t<span ><\/span>\n\t\t\t\t\t\t\t<\/div>\n\t\t\t\t\t\t\t\t\t\t\t\t\t\t<div class=\"bdt-timeline-item-main-container\">\n\t\t\t\t\t\t\t\t\n\t\t\t\t\t\t\t\t\n\t\t\t\t\t\t\t\t<div class=\"bdt-timeline-icon\" >\n\n\t\t\t\t\t\t\t\t\t<span>\n\n\t\t\t\t\t\t\t\t\t\t\t\t\t\t\t\t\t\t\t\t\t<i aria-hidden=\"true\" class=\"fas fa-user-edit\"><\/i>\t\t\t\t\t\t\t\t\t\t\n\t\t\t\t\t\t\t\t\t<\/span>\n\n\t\t\t\t\t\t\t\t<\/div>\n\t\t\t\t\t\t\t\t\t\t<div class=\"bdt-timeline-item-main elementor-repeater-item-0ca4632\" >\n\n\t\t\t\t\t\t\t<span class=\"bdt-timeline-arrow\"><\/span>\n\t\t\t\t\t\t\t\t\t\t<span class=\"bdt-timeline-arrow bdt-visible@m\"><\/span>\n\t\t\t\n\t\t\t\n\t\t\t<div class=\"bdt-timeline-desc\">\n\t\t\t\t\t\t<h4\t\t\tclass=\"bdt-timeline-title\">\n\t\t\t\t\t\t\t<span>\n\t\t\t\t\t1. Pers\u00f6nliche Beratung\t\t\t\t<\/span>\n\t\t\t\t\t<\/h4>\n\t\t\t\t\t\t\t\t\t\t\t\t\t<div class=\"bdt-timeline-excerpt\">\n\t\t\t\t<div id=\"w-node-_569be519-e83c-d9a7-e542-345a3ad50710-bd2efbdd\" class=\"div-block-50-copy\"><div class=\"timeline_right-copy\"><div class=\"timeline-subtitle-wrapper\"><p class=\"text-medium\"><span style=\"font-weight: 400;\">In einer pers\u00f6nlichen Beratung besprechen wir Ihre Bed\u00fcrfnisse. Nach einem 3D-Scan und einer klinischen Untersuchung er\u00f6rtern wir die verf\u00fcgbaren Optionen sowie die Behandlungsschritte und Preise.<\/span><\/p><\/div><\/div><\/div>\t\t\t<\/div>\n\t\t\t\t\t\t\t\t\t\t<\/div>\n\t\t<\/div>\n\t\t\t\t\t\t\t\t\t<\/div>\n\t\t\t\t\t\t<\/div>\n\t\t\t\t\t<\/div>\n\n\t\t\t\t\t\t\t\t\t\t\t\t\t<div class=\"bdt-timeline-item bdt-width-1-2@m bdt-visible@m\">\n\t\t\t<div class=\"bdt-timeline-date bdt-text-\" >\n\t\t\t\t<span>\n\t\t\t\t\t\t\t\t\t<\/span>\n\t\t\t<\/div>\n\t\t<\/div>\n\t\t\t\t\t\t\t\n\t\t\t\t\t\t\t\t\t\t\t\t<div class=\"bdt-timeline-item bdt-width-1-2@m bdt-visible@m\">\n\t\t\t<div class=\"bdt-timeline-date bdt-text-right\" >\n\t\t\t\t<span>\n\t\t\t\t\t\t\t\t\t<\/span>\n\t\t\t<\/div>\n\t\t<\/div>\n\t\t\t\t\t\t\t\n\n\t\t\t\t\t<div\n\t\t\t\t\t\tclass=\" bdt-width-1-2@m bdt-timeline-item right-part\">\n\n\t\t\t\t\t\t<div class=\"bdt-timeline-item-main-wrapper\">\n\t\t\t\t\t\t\t\t\t\t\t\t\t\t<div class=\"bdt-timeline-line\">\n\t\t\t\t\t\t\t\t<span ><\/span>\n\t\t\t\t\t\t\t<\/div>\n\t\t\t\t\t\t\t\t\t\t\t\t\t\t<div class=\"bdt-timeline-item-main-container\">\n\t\t\t\t\t\t\t\t\n\t\t\t\t\t\t\t\t\n\t\t\t\t\t\t\t\t<div class=\"bdt-timeline-icon\" >\n\n\t\t\t\t\t\t\t\t\t<span>\n\n\t\t\t\t\t\t\t\t\t\t\t\t\t\t\t\t\t\t\t\t\t<i aria-hidden=\"true\" class=\"fas fa-chart-line\"><\/i>\t\t\t\t\t\t\t\t\t\t\n\t\t\t\t\t\t\t\t\t<\/span>\n\n\t\t\t\t\t\t\t\t<\/div>\n\t\t\t\t\t\t\t\t\t\t<div class=\"bdt-timeline-item-main elementor-repeater-item-7b932e5\" >\n\n\t\t\t\t\t\t\t<span class=\"bdt-timeline-arrow\"><\/span>\n\t\t\t\t\t\t\t\t\t\t<span class=\"bdt-timeline-arrow bdt-visible@m\"><\/span>\n\t\t\t\n\t\t\t\n\t\t\t<div class=\"bdt-timeline-desc\">\n\t\t\t\t\t\t<h4\t\t\tclass=\"bdt-timeline-title\">\n\t\t\t\t\t\t\t<span>\n\t\t\t\t\t2. Digitale Abmessungen\t\t\t\t<\/span>\n\t\t\t\t\t<\/h4>\n\t\t\t\t\t\t\t\t\t\t\t\t\t<div class=\"bdt-timeline-excerpt\">\n\t\t\t\t<p><span style=\"font-weight: 400;\">Nachdem Sie Ihre Wahl getroffen haben, folgt ein Termin, an dem alle notwendigen Ma\u00dfe f\u00fcr die Platzierung der Implantate und die Produktion Ihrer festen Z\u00e4hne genommen werden.<\/span><\/p>\t\t\t<\/div>\n\t\t\t\t\t\t\t\t\t\t<\/div>\n\t\t<\/div>\n\t\t\t\t\t\t\t\t\t<\/div>\n\t\t\t\t\t\t<\/div>\n\t\t\t\t\t<\/div>\n\n\t\t\t\t\t\n\t\t\t\t\n\n\t\t\t\t\t<div\n\t\t\t\t\t\tclass=\" bdt-width-1-2@m bdt-timeline-item left-part\">\n\n\t\t\t\t\t\t<div class=\"bdt-timeline-item-main-wrapper\">\n\t\t\t\t\t\t\t\t\t\t\t\t\t\t<div class=\"bdt-timeline-line\">\n\t\t\t\t\t\t\t\t<span ><\/span>\n\t\t\t\t\t\t\t<\/div>\n\t\t\t\t\t\t\t\t\t\t\t\t\t\t<div class=\"bdt-timeline-item-main-container\">\n\t\t\t\t\t\t\t\t\n\t\t\t\t\t\t\t\t\n\t\t\t\t\t\t\t\t<div class=\"bdt-timeline-icon\" >\n\n\t\t\t\t\t\t\t\t\t<span>\n\n\t\t\t\t\t\t\t\t\t\t\t\t\t\t\t\t\t\t\t\t\t<i aria-hidden=\"true\" class=\"fas fa-tooth\"><\/i>\t\t\t\t\t\t\t\t\t\t\n\t\t\t\t\t\t\t\t\t<\/span>\n\n\t\t\t\t\t\t\t\t<\/div>\n\t\t\t\t\t\t\t\t\t\t<div class=\"bdt-timeline-item-main elementor-repeater-item-309fd28\" >\n\n\t\t\t\t\t\t\t<span class=\"bdt-timeline-arrow\"><\/span>\n\t\t\t\t\t\t\t\t\t\t<span class=\"bdt-timeline-arrow bdt-visible@m\"><\/span>\n\t\t\t\n\t\t\t\n\t\t\t<div class=\"bdt-timeline-desc\">\n\t\t\t\t\t\t<h4\t\t\tclass=\"bdt-timeline-title\">\n\t\t\t\t\t\t\t<span>\n\t\t\t\t\t3. Operation\t\t\t\t<\/span>\n\t\t\t\t\t<\/h4>\n\t\t\t\t\t\t\t\t\t\t\t\t\t<div class=\"bdt-timeline-excerpt\">\n\t\t\t\t<div class=\"div-block-49-copy\"><div class=\"w-layout-grid grid\"><div id=\"w-node-_7d673e77-35eb-fb2a-d858-a1c46adc7820-bd2efbdd\" class=\"div-block-50-copy\"><div class=\"timeline_right-copy\"><div class=\"timeline-subtitle-wrapper\"><p><span style=\"font-weight: 400;\">Unter Vollnarkose werden alle notwendigen Z\u00e4hne entfernt und die Implantate eingesetzt. Wenn Sie aufwachen, haben Sie feste, vorl\u00e4ufige Z\u00e4hne.<\/span><\/p><\/div><\/div><\/div><\/div><\/div>\t\t\t<\/div>\n\t\t\t\t\t\t\t\t\t\t<\/div>\n\t\t<\/div>\n\t\t\t\t\t\t\t\t\t<\/div>\n\t\t\t\t\t\t<\/div>\n\t\t\t\t\t<\/div>\n\n\t\t\t\t\t\t\t\t\t\t\t\t\t<div class=\"bdt-timeline-item bdt-width-1-2@m bdt-visible@m\">\n\t\t\t<div class=\"bdt-timeline-date bdt-text-\" >\n\t\t\t\t<span>\n\t\t\t\t\t\t\t\t\t<\/span>\n\t\t\t<\/div>\n\t\t<\/div>\n\t\t\t\t\t\t\t\n\t\t\t\t\t\t\t\t\t\t\t\t<div class=\"bdt-timeline-item bdt-width-1-2@m bdt-visible@m\">\n\t\t\t<div class=\"bdt-timeline-date bdt-text-right\" >\n\t\t\t\t<span>\n\t\t\t\t\t\t\t\t\t<\/span>\n\t\t\t<\/div>\n\t\t<\/div>\n\t\t\t\t\t\t\t\n\n\t\t\t\t\t<div\n\t\t\t\t\t\tclass=\" bdt-width-1-2@m bdt-timeline-item right-part\">\n\n\t\t\t\t\t\t<div class=\"bdt-timeline-item-main-wrapper\">\n\t\t\t\t\t\t\t\t\t\t\t\t\t\t<div class=\"bdt-timeline-line\">\n\t\t\t\t\t\t\t\t<span ><\/span>\n\t\t\t\t\t\t\t<\/div>\n\t\t\t\t\t\t\t\t\t\t\t\t\t\t<div class=\"bdt-timeline-item-main-container\">\n\t\t\t\t\t\t\t\t\n\t\t\t\t\t\t\t\t\n\t\t\t\t\t\t\t\t<div class=\"bdt-timeline-icon\" >\n\n\t\t\t\t\t\t\t\t\t<span>\n\n\t\t\t\t\t\t\t\t\t\t\t\t\t\t\t\t\t\t\t\t\t<i aria-hidden=\"true\" class=\"fas fa-teeth-open\"><\/i>\t\t\t\t\t\t\t\t\t\t\n\t\t\t\t\t\t\t\t\t<\/span>\n\n\t\t\t\t\t\t\t\t<\/div>\n\t\t\t\t\t\t\t\t\t\t<div class=\"bdt-timeline-item-main elementor-repeater-item-fbb1cf6\" >\n\n\t\t\t\t\t\t\t<span class=\"bdt-timeline-arrow\"><\/span>\n\t\t\t\t\t\t\t\t\t\t<span class=\"bdt-timeline-arrow bdt-visible@m\"><\/span>\n\t\t\t\n\t\t\t\n\t\t\t<div class=\"bdt-timeline-desc\">\n\t\t\t\t\t\t<h4\t\t\tclass=\"bdt-timeline-title\">\n\t\t\t\t\t\t\t<span>\n\t\t\t\t\t4. Permanente Prothetik\t\t\t\t<\/span>\n\t\t\t\t\t<\/h4>\n\t\t\t\t\t\t\t\t\t\t\t\t\t<div class=\"bdt-timeline-excerpt\">\n\t\t\t\t<div id=\"w-node-_068c28ee-099f-4e94-39d5-bf89ff219c18-bd2efbdd\" class=\"div-block-50-copy\"><div class=\"timeline_right-copy\"><div class=\"timeline-subtitle-wrapper\"><p><span style=\"font-weight: 400;\">Nach etwa drei Monaten erhalten Sie Ihren endg\u00fcltigen Zahnersatz. Anpassungen in Form, Farbe und Biss k\u00f6nnen durch den digitalen Prozess einfach vorgenommen werden.<\/span><\/p><\/div><\/div><\/div>\t\t\t<\/div>\n\t\t\t\t\t\t\t\t\t\t<\/div>\n\t\t<\/div>\n\t\t\t\t\t\t\t\t\t<\/div>\n\t\t\t\t\t\t<\/div>\n\t\t\t\t\t<\/div>\n\n\t\t\t\t\t\n\t\t\t\t\n\n\t\t\t\t\t<div\n\t\t\t\t\t\tclass=\" bdt-width-1-2@m bdt-timeline-item left-part\">\n\n\t\t\t\t\t\t<div class=\"bdt-timeline-item-main-wrapper\">\n\t\t\t\t\t\t\t\t\t\t\t\t\t\t<div class=\"bdt-timeline-item-main-container\">\n\t\t\t\t\t\t\t\t\n\t\t\t\t\t\t\t\t\n\t\t\t\t\t\t\t\t<div class=\"bdt-timeline-icon\" >\n\n\t\t\t\t\t\t\t\t\t<span>\n\n\t\t\t\t\t\t\t\t\t\t\t\t\t\t\t\t\t\t\t\t\t<i aria-hidden=\"true\" class=\"fas fa-share-square\"><\/i>\t\t\t\t\t\t\t\t\t\t\n\t\t\t\t\t\t\t\t\t<\/span>\n\n\t\t\t\t\t\t\t\t<\/div>\n\t\t\t\t\t\t\t\t\t\t<div class=\"bdt-timeline-item-main elementor-repeater-item-7db509a\" >\n\n\t\t\t\t\t\t\t<span class=\"bdt-timeline-arrow\"><\/span>\n\t\t\t\t\t\t\t\t\t\t<span class=\"bdt-timeline-arrow bdt-visible@m\"><\/span>\n\t\t\t\n\t\t\t\n\t\t\t<div class=\"bdt-timeline-desc\">\n\t\t\t\t\t\t<h4\t\t\tclass=\"bdt-timeline-title\">\n\t\t\t\t\t\t\t<span>\n\t\t\t\t\t5. Nachsorge\t\t\t\t<\/span>\n\t\t\t\t\t<\/h4>\n\t\t\t\t\t\t\t\t\t\t\t\t\t<div class=\"bdt-timeline-excerpt\">\n\t\t\t\t<div id=\"w-node-_068c28ee-099f-4e94-39d5-bf89ff219c18-bd2efbdd\" class=\"div-block-50-copy\"><div class=\"timeline_right-copy\"><div class=\"timeline-subtitle-wrapper\"><div id=\"w-node-_068c28ee-099f-4e94-39d5-bf89ff219c24-bd2efbdd\" class=\"div-block-50-copy\"><div class=\"timeline_right-copy\"><div class=\"timeline-subtitle-wrapper\"><p><span style=\"font-weight: 400;\">Eine gute Mundhygiene und regelm\u00e4\u00dfige Kontrollen optimieren die Langlebigkeit Ihrer Z\u00e4hne und Implantate. Daf\u00fcr k\u00f6nnen Sie uns oder Ihren Zahnarzt kontaktieren, sofern dieser von Alto Dental zertifiziert ist.<\/span><\/p><\/div><\/div><\/div><\/div><\/div><\/div>\t\t\t<\/div>\n\t\t\t\t\t\t\t\t\t\t<\/div>\n\t\t<\/div>\n\t\t\t\t\t\t\t\t\t<\/div>\n\t\t\t\t\t\t<\/div>\n\t\t\t\t\t<\/div>\n\n\t\t\t\t\t\t\t\t\t\t\t\t\t<div class=\"bdt-timeline-item bdt-width-1-2@m bdt-visible@m\">\n\t\t\t<div class=\"bdt-timeline-date bdt-text-\" >\n\t\t\t\t<span>\n\t\t\t\t\t\t\t\t\t<\/span>\n\t\t\t<\/div>\n\t\t<\/div>\n\t\t\t\t\t\t\t\n\t\t\t\t\n\t\t\t\t\n\t\t\t<\/div>\n\t\t<\/div>\n\t\t\t\t\t\t<\/div>\n\t\t\t\t<\/div>\n\t\t\t\t\t<\/div>\n\t\t\t\t<\/div>\n\t\t\t\t<section class=\"elementor-section elementor-top-section elementor-element elementor-element-341a90d elementor-section-boxed elementor-section-height-default elementor-section-height-default\" data-id=\"341a90d\" data-element_type=\"section\" data-e-type=\"section\">\n\t\t\t\t\t\t<div class=\"elementor-container elementor-column-gap-default\">\n\t\t\t\t\t<div class=\"elementor-column elementor-col-100 elementor-top-column elementor-element elementor-element-1b3bfe0\" data-id=\"1b3bfe0\" data-element_type=\"column\" data-e-type=\"column\">\n\t\t\t<div class=\"elementor-widget-wrap elementor-element-populated\">\n\t\t\t\t\t\t<div data-dce-background-image-url=\"https:\/\/altodental.com\/wp-content\/uploads\/2023\/10\/Group-221_result.webp\" class=\"elementor-section elementor-inner-section elementor-element elementor-element-bf80252 elementor-section-boxed elementor-section-height-default elementor-section-height-default\" data-id=\"bf80252\" data-element_type=\"section\" data-e-type=\"section\" data-settings=\"{&quot;background_background&quot;:&quot;classic&quot;}\">\n\t\t\t\t\t\t<div class=\"elementor-container elementor-column-gap-default\">\n\t\t\t\t\t<div class=\"elementor-column elementor-col-50 elementor-inner-column elementor-element elementor-element-07d8614\" data-id=\"07d8614\" data-element_type=\"column\" data-e-type=\"column\">\n\t\t\t<div class=\"elementor-widget-wrap elementor-element-populated\">\n\t\t\t\t\t\t<div class=\"elementor-element elementor-element-fd04728 animated-fast elementor-invisible elementor-widget elementor-widget-heading\" data-id=\"fd04728\" data-element_type=\"widget\" data-e-type=\"widget\" data-settings=\"{&quot;_animation&quot;:&quot;fadeInUp&quot;,&quot;_animation_delay&quot;:300}\" data-widget_type=\"heading.default\">\n\t\t\t\t<div class=\"elementor-widget-container\">\n\t\t\t\t\t<h2 class=\"elementor-heading-title elementor-size-default\">M\u00f6chten Sie mehr Informationen zu unseren Behandlungen?<\/h2>\t\t\t\t<\/div>\n\t\t\t\t<\/div>\n\t\t\t\t<div class=\"elementor-element elementor-element-5281455 elementor-mobile-align-center animated-fast elementor-invisible elementor-widget elementor-widget-button\" data-id=\"5281455\" data-element_type=\"widget\" data-e-type=\"widget\" data-settings=\"{&quot;_animation&quot;:&quot;fadeInUp&quot;,&quot;_animation_delay&quot;:400}\" data-widget_type=\"button.default\">\n\t\t\t\t<div class=\"elementor-widget-container\">\n\t\t\t\t\t\t\t\t\t<div class=\"elementor-button-wrapper\">\n\t\t\t\t\t<a class=\"elementor-button elementor-button-link elementor-size-sm\" href=\"https:\/\/altodental.com\/de\/termin-vereinbaren\/\">\n\t\t\t\t\t\t<span class=\"elementor-button-content-wrapper\">\n\t\t\t\t\t\t<span class=\"elementor-button-icon\">\n\t\t\t\t<i aria-hidden=\"true\" class=\"ti ti-arrow-right\"><\/i>\t\t\t<\/span>\n\t\t\t\t\t\t\t\t\t<span class=\"elementor-button-text\">Termin vereinbaren<\/span>\n\t\t\t\t\t<\/span>\n\t\t\t\t\t<\/a>\n\t\t\t\t<\/div>\n\t\t\t\t\t\t\t\t<\/div>\n\t\t\t\t<\/div>\n\t\t\t\t\t<\/div>\n\t\t<\/div>\n\t\t\t\t<div class=\"elementor-column elementor-col-50 elementor-inner-column elementor-element elementor-element-f8674aa\" data-id=\"f8674aa\" data-element_type=\"column\" data-e-type=\"column\">\n\t\t\t<div class=\"elementor-widget-wrap elementor-element-populated\">\n\t\t\t\t\t\t<div class=\"elementor-element elementor-element-a75c9e1 animated-fast dce_masking-none elementor-invisible elementor-widget elementor-widget-image\" data-id=\"a75c9e1\" data-element_type=\"widget\" data-e-type=\"widget\" data-settings=\"{&quot;_animation&quot;:&quot;fadeInUp&quot;}\" data-widget_type=\"image.default\">\n\t\t\t\t<div class=\"elementor-widget-container\">\n\t\t\t\t\t\t\t\t\t\t\t\t\t\t\t<img fetchpriority=\"high\" decoding=\"async\" width=\"1200\" height=\"1646\" src=\"https:\/\/altodental.com\/wp-content\/uploads\/2023\/10\/medical-services-cta-doctor.webp\" class=\"attachment-full size-full wp-image-63\" alt=\"\" srcset=\"https:\/\/altodental.com\/wp-content\/uploads\/2023\/10\/medical-services-cta-doctor.webp 1200w, https:\/\/altodental.com\/wp-content\/uploads\/2023\/10\/medical-services-cta-doctor-219x300.webp 219w, https:\/\/altodental.com\/wp-content\/uploads\/2023\/10\/medical-services-cta-doctor-747x1024.webp 747w, https:\/\/altodental.com\/wp-content\/uploads\/2023\/10\/medical-services-cta-doctor-768x1053.webp 768w, https:\/\/altodental.com\/wp-content\/uploads\/2023\/10\/medical-services-cta-doctor-1120x1536.webp 1120w, https:\/\/altodental.com\/wp-content\/uploads\/2023\/10\/medical-services-cta-doctor-474x650.webp 474w\" sizes=\"(max-width: 1200px) 100vw, 1200px\" title=\"\">\t\t\t\t\t\t\t\t\t\t\t\t\t\t\t<\/div>\n\t\t\t\t<\/div>\n\t\t\t\t\t<\/div>\n\t\t<\/div>\n\t\t\t\t\t<\/div>\n\t\t<\/div>\n\t\t\t\t\t<\/div>\n\t\t<\/div>\n\t\t\t\t\t<\/div>\n\t\t<\/section>\n\t\t\t\t<\/div>\n\t\t","protected":false},"excerpt":{"rendered":"<p>Unsere Methode Dank der vollst\u00e4ndig digitalen Planung und Produktion von festen Z\u00e4hnen erhalten Sie Ihre vorl\u00e4ufige feste Br\u00fccke sofort am Tag der Operation. Eingriff und fester Zahnersatz an einem Tag Minimale Schmerzen und Beschwerden Ein Team, ein Ansprechpartner Transparente Preise und Behandlungsablauf Nachsorge f\u00fcr optimale Langlebigkeit Ihres Zahnersatzes So arbeiten wir 1. Pers\u00f6nliche Beratung In [&hellip;]<\/p>\n","protected":false},"author":1,"featured_media":0,"parent":0,"menu_order":0,"comment_status":"closed","ping_status":"closed","template":"","meta":{"footnotes":""},"class_list":["post-1423","page","type-page","status-publish","hentry"],"_links":{"self":[{"href":"https:\/\/altodental.com\/de\/wp-json\/wp\/v2\/pages\/1423","targetHints":{"allow":["GET"]}}],"collection":[{"href":"https:\/\/altodental.com\/de\/wp-json\/wp\/v2\/pages"}],"about":[{"href":"https:\/\/altodental.com\/de\/wp-json\/wp\/v2\/types\/page"}],"author":[{"embeddable":true,"href":"https:\/\/altodental.com\/de\/wp-json\/wp\/v2\/users\/1"}],"replies":[{"embeddable":true,"href":"https:\/\/altodental.com\/de\/wp-json\/wp\/v2\/comments?post=1423"}],"version-history":[{"count":7,"href":"https:\/\/altodental.com\/de\/wp-json\/wp\/v2\/pages\/1423\/revisions"}],"predecessor-version":[{"id":1525,"href":"https:\/\/altodental.com\/de\/wp-json\/wp\/v2\/pages\/1423\/revisions\/1525"}],"wp:attachment":[{"href":"https:\/\/altodental.com\/de\/wp-json\/wp\/v2\/media?parent=1423"}],"curies":[{"name":"wp","href":"https:\/\/api.w.org\/{rel}","templated":true}]}}